{"id":10,"date":"2025-06-01T07:09:27","date_gmt":"2025-06-01T07:09:27","guid":{"rendered":"https:\/\/xn--gioonline-m6a.com\/PFull\/?page_id=10"},"modified":"2025-07-26T20:11:18","modified_gmt":"2025-07-27T02:11:18","slug":"panic-full","status":"publish","type":"page","link":"https:\/\/xn--gioonline-m6a.com\/PFull\/","title":{"rendered":"Panic Full"},"content":{"rendered":"\n<div style=\"font-family:'Inter', sans-serif; background:#f4f9fb; padding:40px 20px; text-align:center; max-width:600px; margin:auto; border-radius:16px; box-shadow:0 8px 30px rgba(0,0,0,0.06);\">\n  <img decoding=\"async\" src=\"https:\/\/to-check.com\/wp-content\/uploads\/2025\/07\/LOGO-TO-CHECK.png\" alt=\"TO-CHECK Logo\" style=\"width:120px; margin-bottom:20px;\">\n  <h2 style=\"color:#e60000; font-size:22px; margin-bottom:14px;\">Esta versi\u00f3n de Panic Full ha caducado<\/h2>\n  <p style=\"font-size:16px; line-height:1.5; margin-bottom:20px;\">\n    Ya est\u00e1 disponible la nueva actualizaci\u00f3n con mejoras exclusivas:\n  <\/p>\n  <ul style=\"text-align:left; margin:0 auto 20px; padding-left:20px; font-size:15px; list-style-type:disc;\">\n    <li style=\"margin-bottom:6px;\">M\u00e1s c\u00f3digos disponibles<\/li>\n    <li style=\"margin-bottom:6px;\">Mejoras visuales<\/li>\n    <li style=\"margin-bottom:6px;\">Videos integrados<\/li>\n    <li style=\"margin-bottom:6px;\">Funciones avanzadas para t\u00e9cnicos<\/li>\n  <\/ul>\n  <p style=\"font-size:15px; margin-bottom:20px;\">Puedes visitarnos en:<br><strong>www.to-check.com<\/strong><\/p>\n  <a href=\"https:\/\/to-check.com\" style=\"display:inline-block; background:#023e8a; color:white; padding:12px 24px; border-radius:8px; text-decoration:none; font-weight:600;\">Ir a la nueva versi\u00f3n<\/a>\n<\/div>\n\n","protected":false},"excerpt":{"rendered":"<p>Esta versi\u00f3n de Panic Full ha caducado Ya est\u00e1 disponible la nueva actualizaci\u00f3n con mejoras exclusivas: M\u00e1s c\u00f3digos disponibles Mejoras visuales Videos integrados Funciones avanzadas &hellip;<\/p>\n","protected":false},"author":1,"featured_media":0,"parent":0,"menu_order":0,"comment_status":"closed","ping_status":"closed","template":"plus-templates\/template-fullwidth.php","meta":{"pagelayer_contact_templates":[],"_pagelayer_content":"","footnotes":""},"class_list":["post-10","page","type-page","status-publish","hentry"],"_links":{"self":[{"href":"https:\/\/xn--gioonline-m6a.com\/PFull\/wp-json\/wp\/v2\/pages\/10","targetHints":{"allow":["GET"]}}],"collection":[{"href":"https:\/\/xn--gioonline-m6a.com\/PFull\/wp-json\/wp\/v2\/pages"}],"about":[{"href":"https:\/\/xn--gioonline-m6a.com\/PFull\/wp-json\/wp\/v2\/types\/page"}],"author":[{"embeddable":true,"href":"https:\/\/xn--gioonline-m6a.com\/PFull\/wp-json\/wp\/v2\/users\/1"}],"replies":[{"embeddable":true,"href":"https:\/\/xn--gioonline-m6a.com\/PFull\/wp-json\/wp\/v2\/comments?post=10"}],"version-history":[{"count":23,"href":"https:\/\/xn--gioonline-m6a.com\/PFull\/wp-json\/wp\/v2\/pages\/10\/revisions"}],"predecessor-version":[{"id":131,"href":"https:\/\/xn--gioonline-m6a.com\/PFull\/wp-json\/wp\/v2\/pages\/10\/revisions\/131"}],"wp:attachment":[{"href":"https:\/\/xn--gioonline-m6a.com\/PFull\/wp-json\/wp\/v2\/media?parent=10"}],"curies":[{"name":"wp","href":"https:\/\/api.w.org\/{rel}","templated":true}]}}